{"id":8553,"date":"2021-05-04T11:03:03","date_gmt":"2021-05-04T09:03:03","guid":{"rendered":"https:\/\/floriancentrum.com.pl\/produkt\/a-rifle-with-a-round-discharge\/"},"modified":"2025-09-30T12:46:14","modified_gmt":"2025-09-30T10:46:14","slug":"a-rifle-with-a-round-discharge","status":"publish","type":"product","link":"https:\/\/floriancentrum.com.pl\/en\/produkt\/a-rifle-with-a-round-discharge\/","title":{"rendered":"A rifle with a round discharge"},"content":{"rendered":"<div class=\"wpb-content-wrapper\"><p>[vc_row el_id=&#8221;bookmarks_product&#8221; css=&#8221;.vc_custom_1563886263099{margin-top: 10px !important;margin-bottom: 75px !important;}&#8221;][vc_column][vc_tta_tabs style=&#8221;flat&#8221; spacing=&#8221;5&#8243; alignment=&#8221;center&#8221; active_section=&#8221;1&#8243; no_fill_content_area=&#8221;true&#8221;][vc_tta_section title=&#8221;Technical data&#8221; tab_id=&#8221;1558440182686-e4922097-56ff2ba4-a2ca9f2b-a4c3&#8243; el_class=&#8221;dane_techniczne&#8221;][vc_column_text]<\/p>\n<p style=\"text-align: center;\">Sztucer z okr\u0105g\u0142ym odp\u0142ywem umo\u017cliwia po\u0142\u0105czenie rynny z rur\u0105 PCV przy monta\u017cu w systemie ukrytym. Umo\u017cliwia tak\u017ce \u0142\u0105czenie kwadratowej rynny z okr\u0105g\u0142\u0105 rur\u0105 standardowego systemu NIAGARA.<\/p>\n<table style=\"width: 23.3887%;\" border=\"0\" width=\"64\" cellspacing=\"0\" cellpadding=\"0\">\n<tbody>\n<tr>\n<td style=\"width: 100%;\" width=\"64\" height=\"20\">Rozmiar<\/td>\n<\/tr>\n<tr>\n<td style=\"width: 100%;\" width=\"64\" height=\"20\">125\/95 mm<\/td>\n<\/tr>\n<\/tbody>\n<\/table>\n<p>[\/vc_column_text][vc_single_image image=&#8221;3827&#8243; img_size=&#8221;medium&#8221; alignment=&#8221;center&#8221; onclick=&#8221;link_image&#8221; el_class=&#8221;rys_tech&#8221;][\/vc_tta_section]<\/p>\n<p>[vc_tta_section title=&#8221;Colors&#8221; tab_id=&#8221;1558440248263-cbd822f7-c00a2ba4-a2ca9f2b-a4c3&#8243;][vc_row_inner el_class=&#8221;kolorystyka_row&#8221;][vc_column_inner el_id=&#8221;kolorystyka_produktu&#8221;]<div class=\"templatera_shortcode\"><div style=\"\"class=\"normal_height vc_row wpb_row vc_row-fluid kolorystyka_row\"><div class=\"wpb_column vc_column_container vc_col-sm-12\" id=\"kolorystyka_produktu\"><div class=\"vc_column-inner\"><div class=\"wpb_wrapper\">\n\t<div class=\"wpb_text_column wpb_content_element \" >\n\t\t<div class=\"wpb_wrapper\">\n\t\t\t<h4>Polyurethane - PURLAK\u00ae50 \u00b5m<\/h4>\n\n\t\t<\/div>\n\t<\/div>\n\n<div class=\"vc_grid-container-wrapper vc_clearfix vc_grid-animation-fadeIn\">\n\t<div class=\"vc_grid-container vc_clearfix wpb_content_element vc_media_grid\" data-initial-loading-animation=\"fadeIn\" data-vc-grid-settings=\"{&quot;page_id&quot;:2577,&quot;style&quot;:&quot;all&quot;,&quot;action&quot;:&quot;vc_get_vc_grid_data&quot;,&quot;shortcode_id&quot;:&quot;1763587861287-b7a42530-5cc0-0&quot;,&quot;tag&quot;:&quot;vc_media_grid&quot;}\" data-vc-request=\"https:\/\/floriancentrum.com.pl\/wp-admin\/admin-ajax.php?lang=en\" data-vc-post-id=\"2577\" data-vc-public-nonce=\"35b99de61f\">\n\t\t\n\t<\/div>\n<\/div><\/div><\/div><\/div><\/div><\/div><div class=\"templatera_shortcode\"><div style=\"\"id=\"kolorystyka_row\" class=\"normal_height vc_row wpb_row vc_row-fluid vc_custom_1586184819895\"><div class=\"wpb_column vc_column_container vc_col-sm-12\" id=\"kolorystyka_produktu\"><div class=\"vc_column-inner\"><div class=\"wpb_wrapper\">\n\t<div class=\"wpb_text_column wpb_content_element \" >\n\t\t<div class=\"wpb_wrapper\">\n\t\t\tNOTE:<\/p>\n<p>The presented sheet metal colors may differ from the actual colors due to differences between graphics cards and monitors.\n\n\t\t<\/div>\n\t<\/div>\n<\/div><\/div><\/div><\/div><\/div>[\/vc_column_inner][\/vc_row_inner][\/vc_tta_section][vc_tta_section title=&#8221;Pow\u0142oki&#8221; tab_id=&#8221;1562574930075-db3eb72b-db672ba4-a2ca9f2b-a4c3&#8243;][vc_column_text]<\/p>\n<table>\n<thead>\n<tr>\n<td width=\"571\"><strong>pow\u0142oki zabezpieczaj\u0105ce<\/strong><\/td>\n<td width=\"311\"><strong>grubo\u015b\u0107 pow\u0142oki<\/strong><\/td>\n<td width=\"401\"><strong>gwarancja\u00a0<\/strong><\/td>\n<\/tr>\n<\/thead>\n<tbody>\n<tr>\n<td width=\"571\">PURLAK <strong>\u00ae<\/strong><\/td>\n<td width=\"311\">50 \u00b5m<\/td>\n<td width=\"401\">30\/50 lat<\/td>\n<\/tr>\n<\/tbody>\n<\/table>\n<p>[\/vc_column_text][\/vc_tta_section]<\/p>\n<p>[vc_tta_section title=&#8221;Downloads&#8221; tab_id=&#8221;1562575227228-d611c969-2ec22ba4-a2ca9f2b-a4c3&#8243;]<div class=\"templatera_shortcode\"><div style=\"\"class=\"normal_height vc_row wpb_row vc_row-fluid\"><div class=\"wpb_column vc_column_container vc_col-sm-6\"><div class=\"vc_column-inner\"><div class=\"wpb_wrapper\"><div class=\"templatera_shortcode\"><div style=\"\"class=\"normal_height vc_row wpb_row vc_row-fluid\"><div class=\"wpb_column vc_column_container vc_col-sm-12\"><div class=\"vc_column-inner\"><div class=\"wpb_wrapper\"><div class=\"vc_btn3-container vc_btn3-center\" ><a class=\"vc_general vc_btn3 vc_btn3-size-md vc_btn3-shape-rounded vc_btn3-style-outline vc_btn3-block vc_btn3-icon-left vc_btn3-color-primary\" href=\"http:\/\/floriancentrum.com.pl\/wp-content\/uploads\/katalog-rynny-kwadratowe.pdf\" title=\"\"><i class=\"vc_btn3-icon vc-material vc-material-cloud_download\"><\/i> katalog Niagara kwadratowa<\/a><\/div><\/div><\/div><\/div><\/div><\/div><\/div><\/div><\/div><div class=\"wpb_column vc_column_container vc_col-sm-6\"><div class=\"vc_column-inner\"><div class=\"wpb_wrapper\"><div class=\"templatera_shortcode\"><div style=\"\"class=\"normal_height vc_row wpb_row vc_row-fluid\"><div class=\"wpb_column vc_column_container vc_col-sm-12\"><div class=\"vc_column-inner\"><div class=\"wpb_wrapper\">\n\t<div class=\"wpb_text_column wpb_content_element \" >\n\t\t<div class=\"wpb_wrapper\">\n\t\t\t<div class=\"normal_height vc_row wpb_row vc_row-fluid\"><div class=\"wpb_column vc_column_container vc_col-sm-12\"><div class=\"vc_column-inner\"><div class=\"wpb_wrapper\"><div class=\"vc_btn3-container vc_btn3-center\"><a class=\"vc_general vc_btn3 vc_btn3-size-md vc_btn3-shape-rounded vc_btn3-style-outline vc_btn3-block vc_btn3-icon-left vc_btn3-color-primary\" href=\"https:\/\/floriancentrum.com.pl\/wp-content\/uploads\/2026\/04\/cennik-niagara-kwadratowa-od-02.04.2026.pdf\" target=\"_blank\" rel=\"nofollow noopener\"><i class=\"vc_btn3-icon vc-material vc-material-cloud_download\"><\/i> Price list Niagara square<\/a><\/div><\/div><\/div><\/div><\/div>\n\n\t\t<\/div>\n\t<\/div>\n<\/div><\/div><\/div><\/div><\/div><\/div><\/div><\/div><\/div><\/div>[\/vc_tta_section][\/vc_tta_tabs][\/vc_column][\/vc_row]<\/p>\n<\/div>","protected":false},"excerpt":{"rendered":"<p><img loading=\"lazy\" decoding=\"async\" class=\"aligncenter wp-image-3820 size-full\" src=\"http:\/\/floriancentrum.com.pl\/wp-content\/uploads\/system-komplet.jpg\" alt=\"\" width=\"1100\" height=\"825\" srcset=\"https:\/\/floriancentrum.com.pl\/wp-content\/uploads\/system-komplet.jpg 1100w, https:\/\/floriancentrum.com.pl\/wp-content\/uploads\/system-komplet-600x450.jpg 600w, https:\/\/floriancentrum.com.pl\/wp-content\/uploads\/system-komplet-1024x768.jpg 1024w, https:\/\/floriancentrum.com.pl\/wp-content\/uploads\/system-komplet-768x576.jpg 768w, https:\/\/floriancentrum.com.pl\/wp-content\/uploads\/system-komplet-1067x800.jpg 1067w\" sizes=\"auto, (max-width: 1100px) 100vw, 1100px\" \/><\/p>\n","protected":false},"featured_media":6681,"template":"","meta":[],"product_brand":[],"product_cat":[141],"product_tag":[],"class_list":{"0":"post-8553","1":"product","2":"type-product","3":"status-publish","4":"has-post-thumbnail","6":"product_cat-niagara-square","8":"first","9":"instock","10":"shipping-taxable","11":"product-type-simple"},"_links":{"self":[{"href":"https:\/\/floriancentrum.com.pl\/en\/wp-json\/wp\/v2\/product\/8553","targetHints":{"allow":["GET"]}}],"collection":[{"href":"https:\/\/floriancentrum.com.pl\/en\/wp-json\/wp\/v2\/product"}],"about":[{"href":"https:\/\/floriancentrum.com.pl\/en\/wp-json\/wp\/v2\/types\/product"}],"wp:featuredmedia":[{"embeddable":true,"href":"https:\/\/floriancentrum.com.pl\/en\/wp-json\/wp\/v2\/media\/6681"}],"wp:attachment":[{"href":"https:\/\/floriancentrum.com.pl\/en\/wp-json\/wp\/v2\/media?parent=8553"}],"wp:term":[{"taxonomy":"product_brand","embeddable":true,"href":"https:\/\/floriancentrum.com.pl\/en\/wp-json\/wp\/v2\/product_brand?post=8553"},{"taxonomy":"product_cat","embeddable":true,"href":"https:\/\/floriancentrum.com.pl\/en\/wp-json\/wp\/v2\/product_cat?post=8553"},{"taxonomy":"product_tag","embeddable":true,"href":"https:\/\/floriancentrum.com.pl\/en\/wp-json\/wp\/v2\/product_tag?post=8553"}],"curies":[{"name":"wp","href":"https:\/\/api.w.org\/{rel}","templated":true}]}}