{"id":8528,"date":"2021-02-25T10:48:51","date_gmt":"2021-02-25T09:48:51","guid":{"rendered":"https:\/\/floriancentrum.com.pl\/produkt\/kr-555-profile\/"},"modified":"2025-09-30T12:26:03","modified_gmt":"2025-09-30T10:26:03","slug":"kr-555-profile","status":"publish","type":"product","link":"https:\/\/floriancentrum.com.pl\/en\/produkt\/kr-555-profile\/","title":{"rendered":"KR 555 profile"},"content":{"rendered":"<div class=\"wpb-content-wrapper\"><p>[vc_row el_id=&#8221;bookmarks_product&#8221; css=&#8221;.vc_custom_1563886263099{margin-top: 10px !important;margin-bottom: 75px !important;}&#8221;][vc_column][vc_tta_tabs style=&#8221;flat&#8221; spacing=&#8221;5&#8243; alignment=&#8221;center&#8221; active_section=&#8221;1&#8243; no_fill_content_area=&#8221;true&#8221;][vc_tta_section title=&#8221;Technical data&#8221; tab_id=&#8221;1558440182686-e4922097-56ff2ba4-a2ca9f2b-a4c3&#8243; el_class=&#8221;dane_techniczne&#8221;][vc_column_text]<\/p>\n<table border=\"0\" rules=\"NONE\" cellspacing=\"0\">\n<colgroup>\n<col width=\"148\">\n<col width=\"225\"><\/colgroup>\n<tbody>\n<tr>\n<td align=\"LEFT\" valign=\"MIDDLE\" width=\"148\" height=\"18\">tile size [mm]<\/td>\n<td align=\"LEFT\" valign=\"TOP\" width=\"225\">555 x 555<\/td>\n<\/tr>\n<tr>\n<td align=\"LEFT\" valign=\"MIDDLE\" height=\"18\">sheet thickness [mm]<\/td>\n<td align=\"LEFT\" valign=\"TOP\">0,5<\/td>\n<\/tr>\n<tr>\n<td align=\"LEFT\" valign=\"MIDDLE\" height=\"18\">number of panels per 1 m2<\/td>\n<td align=\"LEFT\" valign=\"TOP\">3.25 pcs.<\/td>\n<\/tr>\n<tr>\n<td align=\"LEFT\" valign=\"MIDDLE\" height=\"18\">application<\/td>\n<td align=\"LEFT\" valign=\"MIDDLE\">roof coverings with a minimum pitch of 22\u00b0 <\/td>\n<\/tr>\n<\/tbody>\n<\/table>\n<p>[\/vc_column_text][vc_column_text]<\/p>\n<h4 style=\"text-align: center;\">KR profile &#8211; startup<\/h4>\n<p>[\/vc_column_text][\/vc_tta_section][vc_tta_section title=&#8221;Colors&#8221; tab_id=&#8221;1558440248263-cbd822f7-c00a2ba4-a2ca9f2b-a4c3&#8243;][vc_row_inner el_class=&#8221;kolorystyka_row&#8221;][vc_column_inner el_id=&#8221;kolorystyka_produktu&#8221;]<div class=\"templatera_shortcode\"><div style=\"\"class=\"normal_height vc_row wpb_row vc_row-fluid kolorystyka_row\"><div class=\"wpb_column vc_column_container vc_col-sm-12\" id=\"kolorystyka_produktu\"><div class=\"vc_column-inner\"><div class=\"wpb_wrapper\">\n\t<div class=\"wpb_text_column wpb_content_element \" >\n\t\t<div class=\"wpb_wrapper\">\n\t\t\t<h4>Gloss polyester 25 \u00b5m<\/h4>\n\n\t\t<\/div>\n\t<\/div>\n\n<div class=\"vc_grid-container-wrapper vc_clearfix vc_grid-animation-fadeIn\">\n\t<div class=\"vc_grid-container vc_clearfix wpb_content_element vc_media_grid\" data-initial-loading-animation=\"fadeIn\" data-vc-grid-settings=\"{&quot;page_id&quot;:2673,&quot;style&quot;:&quot;all&quot;,&quot;action&quot;:&quot;vc_get_vc_grid_data&quot;,&quot;shortcode_id&quot;:&quot;1763587610295-abafd64f-3912-7&quot;,&quot;tag&quot;:&quot;vc_media_grid&quot;}\" data-vc-request=\"https:\/\/floriancentrum.com.pl\/wp-admin\/admin-ajax.php?lang=en\" data-vc-post-id=\"2673\" data-vc-public-nonce=\"e041b8e0fe\">\n\t\t\n\t<\/div>\n<\/div><\/div><\/div><\/div><\/div><\/div><div class=\"templatera_shortcode\"><div style=\"\"class=\"normal_height vc_row wpb_row vc_row-fluid kolorystyka_row\"><div class=\"wpb_column vc_column_container vc_col-sm-12\" id=\"kolorystyka_produktu\"><div class=\"vc_column-inner\"><div class=\"wpb_wrapper\">\n\t<div class=\"wpb_text_column wpb_content_element \" >\n\t\t<div class=\"wpb_wrapper\">\n\t\t\t<h4>Coarse-grained matt polyester 35 \u00b5m*<\/h4>\n\n\t\t<\/div>\n\t<\/div>\n\n\t<div class=\"wpb_text_column wpb_content_element \" >\n\t\t<div class=\"wpb_wrapper\">\n\t\t\t<br \/>\n* availability of colors in the matte coarse-grained polyester coating to be confirmed\n\n\t\t<\/div>\n\t<\/div>\n<\/div><\/div><\/div><\/div><\/div><div class=\"templatera_shortcode\"><div style=\"\"class=\"normal_height vc_row wpb_row vc_row-fluid kolorystyka_row\"><div class=\"wpb_column vc_column_container vc_col-sm-12\" id=\"kolorystyka_produktu\"><div class=\"vc_column-inner\"><div class=\"wpb_wrapper\">\n\t<div class=\"wpb_text_column wpb_content_element \" >\n\t\t<div class=\"wpb_wrapper\">\n\t\t\t<h4>Polyurethane - PURMAT\u00ae50 \u00b5m<\/h4>\n\n\t\t<\/div>\n\t<\/div>\n\n<div class=\"vc_grid-container-wrapper vc_clearfix vc_grid-animation-fadeIn\">\n\t<div class=\"vc_grid-container vc_clearfix wpb_content_element vc_media_grid\" data-initial-loading-animation=\"fadeIn\" data-vc-grid-settings=\"{&quot;page_id&quot;:2563,&quot;style&quot;:&quot;all&quot;,&quot;action&quot;:&quot;vc_get_vc_grid_data&quot;,&quot;shortcode_id&quot;:&quot;1763587863261-6e168d80-9f18-5&quot;,&quot;tag&quot;:&quot;vc_media_grid&quot;}\" data-vc-request=\"https:\/\/floriancentrum.com.pl\/wp-admin\/admin-ajax.php?lang=en\" data-vc-post-id=\"2563\" data-vc-public-nonce=\"e041b8e0fe\">\n\t\t\n\t<\/div>\n<\/div><\/div><\/div><\/div><\/div><\/div><div class=\"templatera_shortcode\"><div style=\"\"id=\"kolorystyka_row\" class=\"normal_height vc_row wpb_row vc_row-fluid vc_custom_1586184819895\"><div class=\"wpb_column vc_column_container vc_col-sm-12\" id=\"kolorystyka_produktu\"><div class=\"vc_column-inner\"><div class=\"wpb_wrapper\">\n\t<div class=\"wpb_text_column wpb_content_element \" >\n\t\t<div class=\"wpb_wrapper\">\n\t\t\tNOTE:<\/p>\n<p>The presented sheet metal colors may differ from the actual colors due to differences between graphics cards and monitors.\n\n\t\t<\/div>\n\t<\/div>\n<\/div><\/div><\/div><\/div><\/div>[\/vc_column_inner][\/vc_row_inner][\/vc_tta_section][vc_tta_section title=&#8221;Coatings&#8221; tab_id=&#8221;1562574930075-db3eb72b-db672ba4-a2ca9f2b-a4c3&#8243;][vc_column_text]<\/p>\n<table style=\"width: 78.1269%;\" border=\"0\" rules=\"NONE\" cellspacing=\"0\">\n<colgroup>\n<col width=\"229\" \/>\n<col width=\"119\" \/>\n<col width=\"103\" \/><\/colgroup>\n<tbody>\n<tr>\n<td style=\"width: 55.8168%;\" align=\"LEFT\" valign=\"MIDDLE\" width=\"229\" height=\"19\"><strong>pow\u0142oki zabezpieczaj\u0105ce <\/strong><\/td>\n<td style=\"width: 20.8066%;\" align=\"LEFT\" valign=\"MIDDLE\" width=\"119\"><strong>grubo\u015b\u0107 pow\u0142oki<\/strong><\/td>\n<td style=\"width: 22.9437%;\" align=\"LEFT\" valign=\"MIDDLE\" width=\"103\"><strong>gwarancja<\/strong><\/td>\n<\/tr>\n<tr>\n<td style=\"width: 55.8168%;\" align=\"LEFT\" valign=\"MIDDLE\" height=\"19\">PURMAT \u00ae<\/td>\n<td style=\"width: 20.8066%;\" align=\"LEFT\" valign=\"MIDDLE\">50 \u00b5m<\/td>\n<td style=\"width: 22.9437%;\" align=\"LEFT\" valign=\"MIDDLE\">30\/50 lat<\/td>\n<\/tr>\n<tr>\n<td style=\"width: 55.8168%;\" align=\"LEFT\" valign=\"MIDDLE\" height=\"19\">poliester matowy gruboziarnisty*<\/td>\n<td style=\"width: 20.8066%;\" align=\"LEFT\" valign=\"MIDDLE\">35 \u00b5m<\/td>\n<td style=\"width: 22.9437%;\" align=\"LEFT\" valign=\"MIDDLE\">15\/35 lat<\/td>\n<\/tr>\n<tr>\n<td style=\"width: 55.8168%;\" align=\"LEFT\" valign=\"MIDDLE\" height=\"19\">poliester po\u0142ysk<\/td>\n<td style=\"width: 20.8066%;\" align=\"LEFT\" valign=\"MIDDLE\">25 \u00b5m<\/td>\n<td style=\"width: 22.9437%;\" align=\"LEFT\" valign=\"MIDDLE\">10\/30 lat<\/td>\n<\/tr>\n<\/tbody>\n<\/table>\n<p style=\"text-align: center;\">* dost\u0119pno\u015b\u0107 kolor\u00f3w w pow\u0142oce poliester matowy gruboziarnisty do potwierdzenia<\/p>\n<p>[\/vc_column_text][\/vc_tta_section][vc_tta_section title=&#8221;Downloads&#8221; tab_id=&#8221;1562575227228-d611c969-2ec22ba4-a2ca9f2b-a4c3&#8243;][vc_row_inner][vc_column_inner width=&#8221;1\/3&#8243;][\/vc_column_inner][vc_column_inner width=&#8221;1\/3&#8243;]<div class=\"templatera_shortcode\"><div style=\"\"class=\"normal_height vc_row wpb_row vc_row-fluid\"><div class=\"wpb_column vc_column_container vc_col-sm-12\"><div class=\"vc_column-inner\"><div class=\"wpb_wrapper\">\n\t<div class=\"wpb_text_column wpb_content_element \" >\n\t\t<div class=\"wpb_wrapper\">\n\t\t\t<div class=\"normal_height vc_row wpb_row vc_row-fluid\"><div class=\"wpb_column vc_column_container vc_col-sm-12\"><div class=\"vc_column-inner\"><div class=\"wpb_wrapper\"><div class=\"vc_btn3-container vc_btn3-center\"><a class=\"vc_general vc_btn3 vc_btn3-size-md vc_btn3-shape-rounded vc_btn3-style-outline vc_btn3-block vc_btn3-icon-left vc_btn3-color-primary\" href=\"https:\/\/floriancentrum.com.pl\/wp-content\/uploads\/2026\/02\/Florian-Katalog-luty-16.02.226-DRUK.pdf\" target=\"_blank\" rel=\"nofollow noopener\"><i class=\"vc_btn3-icon vc-material vc-material-cloud_download\"><\/i> Product catalog<\/a><\/div><\/div><\/div><\/div><\/div>\n\n\t\t<\/div>\n\t<\/div>\n<\/div><\/div><\/div><\/div><\/div>[\/vc_column_inner][vc_column_inner width=&#8221;1\/3&#8243;][\/vc_column_inner][\/vc_row_inner][\/vc_tta_section][\/vc_tta_tabs][vc_row_inner][vc_column_inner][vc_single_image image=&#8221;3559&#8243; img_size=&#8221;full&#8221; alignment=&#8221;center&#8221; el_class=&#8221;rys_tech&#8221;][\/vc_column_inner][\/vc_row_inner][vc_row_inner][vc_column_inner][vc_single_image image=&#8221;7267&#8243; img_size=&#8221;300&#215;300&#8243; alignment=&#8221;center&#8221; onclick=&#8221;link_image&#8221;][\/vc_column_inner][\/vc_row_inner][vc_row_inner][vc_column_inner][vc_column_text]<\/p>\n<h4 style=\"text-align: center;\">Haftra<\/h4>\n<p>[\/vc_column_text][vc_single_image image=&#8221;3656&#8243; img_size=&#8221;medium&#8221; alignment=&#8221;center&#8221;][vc_single_image image=&#8221;3551&#8243; img_size=&#8221;medium&#8221; alignment=&#8221;center&#8221; el_class=&#8221;logo_img&#8221;][\/vc_column_inner][\/vc_row_inner][\/vc_column][\/vc_row][vc_row full_width=&#8221;stretch_row&#8221; css=&#8221;.vc_custom_1595334150683{background-color: #f6f6f6 !important;}&#8221;][vc_column][vc_column_text]<\/p>\n<h3 style=\"text-align: center;\">Examples of realizations<\/h3>\n<p>[\/vc_column_text][vc_media_grid element_width=&#8221;12&#8243; item=&#8221;2315&#8243; grid_id=&#8221;vc_gid:1720770427543-217c897c-f40e-8&#8243; include=&#8221;3552&#8243;][vc_column_text]<\/p>\n<p style=\"text-align: left; font-size: 11px !important;\">The content placed on the website is subject to legal protection under copyright law and other applicable regulations, and the entity authorized to publish it is Florian Centrum Sp. z o.o.. Unauthorized downloading, copying or use of all or any element of the website&#8217;s content, including, but not limited to, photographs and the objects, sketches or drawings placed thereon without the consent of Florian Centrum Sp. z o.o. is prohibited and constitutes a prosecutable infringement of copyright of the website&#8217;s owner or other authorized entities, who have given Florian Centrum Sp. z o.o. the right to dispose of and protect them.   <\/p>\n<p>[\/vc_column_text][\/vc_column][\/vc_row]<\/p>\n<\/div>","protected":false},"excerpt":{"rendered":"<p><img loading=\"lazy\" decoding=\"async\" class=\"aligncenter wp-image-7269 size-medium\" src=\"https:\/\/floriancentrum.com.pl\/wp-content\/uploads\/KR_555_2002-1-600x600.jpg\" alt=\"\" width=\"600\" height=\"600\" srcset=\"https:\/\/floriancentrum.com.pl\/wp-content\/uploads\/KR_555_2002-1-600x600.jpg 600w, https:\/\/floriancentrum.com.pl\/wp-content\/uploads\/KR_555_2002-1-1024x1024.jpg 1024w, https:\/\/floriancentrum.com.pl\/wp-content\/uploads\/KR_555_2002-1-300x300.jpg 300w, https:\/\/floriancentrum.com.pl\/wp-content\/uploads\/KR_555_2002-1-768x768.jpg 768w, https:\/\/floriancentrum.com.pl\/wp-content\/uploads\/KR_555_2002-1-800x800.jpg 800w, https:\/\/floriancentrum.com.pl\/wp-content\/uploads\/KR_555_2002-1-1000x1000.jpg 1000w, https:\/\/floriancentrum.com.pl\/wp-content\/uploads\/KR_555_2002-1-200x200.jpg 200w, https:\/\/floriancentrum.com.pl\/wp-content\/uploads\/KR_555_2002-1.jpg 1102w\" sizes=\"auto, (max-width: 600px) 100vw, 600px\" \/><\/p>\n","protected":false},"featured_media":6599,"template":"","meta":[],"product_brand":[],"product_cat":[127],"product_tag":[],"class_list":{"0":"post-8528","1":"product","2":"type-product","3":"status-publish","4":"has-post-thumbnail","6":"product_cat-kr-roof-panels","8":"first","9":"instock","10":"shipping-taxable","11":"product-type-simple"},"_links":{"self":[{"href":"https:\/\/floriancentrum.com.pl\/en\/wp-json\/wp\/v2\/product\/8528","targetHints":{"allow":["GET"]}}],"collection":[{"href":"https:\/\/floriancentrum.com.pl\/en\/wp-json\/wp\/v2\/product"}],"about":[{"href":"https:\/\/floriancentrum.com.pl\/en\/wp-json\/wp\/v2\/types\/product"}],"wp:featuredmedia":[{"embeddable":true,"href":"https:\/\/floriancentrum.com.pl\/en\/wp-json\/wp\/v2\/media\/6599"}],"wp:attachment":[{"href":"https:\/\/floriancentrum.com.pl\/en\/wp-json\/wp\/v2\/media?parent=8528"}],"wp:term":[{"taxonomy":"product_brand","embeddable":true,"href":"https:\/\/floriancentrum.com.pl\/en\/wp-json\/wp\/v2\/product_brand?post=8528"},{"taxonomy":"product_cat","embeddable":true,"href":"https:\/\/floriancentrum.com.pl\/en\/wp-json\/wp\/v2\/product_cat?post=8528"},{"taxonomy":"product_tag","embeddable":true,"href":"https:\/\/floriancentrum.com.pl\/en\/wp-json\/wp\/v2\/product_tag?post=8528"}],"curies":[{"name":"wp","href":"https:\/\/api.w.org\/{rel}","templated":true}]}}